{"id":117,"date":"2024-03-20T09:47:47","date_gmt":"2024-03-20T09:47:47","guid":{"rendered":"https:\/\/cadayfuerteventura.com\/?page_id=117"},"modified":"2024-06-30T20:33:12","modified_gmt":"2024-06-30T20:33:12","slug":"quienes-somos","status":"publish","type":"page","link":"https:\/\/cadayfuerteventura.com\/index.php\/quienes-somos\/","title":{"rendered":"Quienes somos"},"content":{"rendered":"<p>[et_pb_section fb_built=\u00bb1&#8243; admin_label=\u00bbHeader\u00bb _builder_version=\u00bb4.16&#8243; _module_preset=\u00bbdefault\u00bb background_image=\u00bbhttps:\/\/cadayfuerteventura.com\/wp-content\/uploads\/2024\/03\/softball-league_01-3-jpg.webp\u00bb global_colors_info=\u00bb{}\u00bb][et_pb_row _builder_version=\u00bb4.16&#8243; _module_preset=\u00bbdefault\u00bb global_colors_info=\u00bb{}\u00bb][et_pb_column type=\u00bb4_4&#8243; _builder_version=\u00bb4.16&#8243; _module_preset=\u00bbdefault\u00bb global_colors_info=\u00bb{}\u00bb][et_pb_text _builder_version=\u00bb4.16&#8243; _module_preset=\u00bb749b4de8-41a8-4da6-8860-0fec47e09e96&#8243; header_font=\u00bbOswald|700||on|||||\u00bb header_text_color=\u00bb#4d5090&#8243; header_font_size=\u00bb80px\u00bb header_letter_spacing=\u00bb4px\u00bb header_font_size_tablet=\u00bb48px\u00bb header_font_size_phone=\u00bb24px\u00bb header_font_size_last_edited=\u00bbon|tablet\u00bb global_colors_info=\u00bb{}\u00bb]<\/p>\n<h1><span style=\"color: #a442bc;\">\u00bfQui\u00e9nes somos?<\/span><\/h1>\n<p>[\/et_pb_text][\/et_pb_column][\/et_pb_row][et_pb_row column_structure=\u00bb1_2,1_2&#8243; _builder_version=\u00bb4.16&#8243; _module_preset=\u00bbdefault\u00bb custom_padding=\u00bb0px|||||\u00bb global_colors_info=\u00bb{}\u00bb][et_pb_column type=\u00bb1_2&#8243; _builder_version=\u00bb4.16&#8243; _module_preset=\u00bbdefault\u00bb global_colors_info=\u00bb{}\u00bb][et_pb_text _builder_version=\u00bb4.16&#8243; _module_preset=\u00bb38128ce4-78a8-4c45-b3ff-f4fb37f074f0&#8243; header_font=\u00bb||||||||\u00bb header_4_font=\u00bbOswald|||on|||||\u00bb header_4_text_color=\u00bb#000000&#8243; header_4_font_size=\u00bb24px\u00bb header_4_letter_spacing=\u00bb1px\u00bb header_4_line_height=\u00bb1.5em\u00bb custom_margin=\u00bb||0px||false|false\u00bb header_4_font_size_tablet=\u00bb18px\u00bb header_4_font_size_phone=\u00bb16px\u00bb header_4_font_size_last_edited=\u00bbon|phone\u00bb global_colors_info=\u00bb{}\u00bb]<\/p>\n<h4>NUestra historia<\/h4>\n<p>[\/et_pb_text][et_pb_image src=\u00bbhttps:\/\/cadayfuerteventura.com\/wp-content\/uploads\/2024\/03\/7a93636b-6801-43fc-af6c-673385a8287b-jpg.webp\u00bb title_text=\u00bb7a93636b-6801-43fc-af6c-673385a8287b\u00bb _builder_version=\u00bb4.16&#8243; _module_preset=\u00bbdefault\u00bb global_colors_info=\u00bb{}\u00bb][\/et_pb_image][et_pb_text _builder_version=\u00bb4.16&#8243; _module_preset=\u00bbbc6cae60-9fd0-48b3-a032-f2876734c2dd\u00bb text_font=\u00bb||||||||\u00bb text_font_size=\u00bb18px\u00bb text_line_height=\u00bb1.8em\u00bb text_font_size_tablet=\u00bb16px\u00bb text_font_size_phone=\u00bb14px\u00bb text_font_size_last_edited=\u00bbon|phone\u00bb locked=\u00bboff\u00bb global_colors_info=\u00bb{}\u00bb]<\/p>\n<p><span style=\"font-weight: 400; color: #000000;\">El Club deportivo Caday Fuerteventura es un equipo de reciente creaci\u00f3n, concretamente est\u00e1 inscrito en la Direcci\u00f3n General de Deportes el d\u00eda 07 de enero del 2022, compuesta su junta directiva por presidente, vicepresidente, secretario y Tesorero<\/span><\/p>\n<p>[\/et_pb_text][\/et_pb_column][et_pb_column type=\u00bb1_2&#8243; _builder_version=\u00bb4.16&#8243; _module_preset=\u00bbdefault\u00bb global_colors_info=\u00bb{}\u00bb][et_pb_text _builder_version=\u00bb4.16&#8243; _module_preset=\u00bb38128ce4-78a8-4c45-b3ff-f4fb37f074f0&#8243; header_font=\u00bb||||||||\u00bb header_4_font=\u00bbOswald|||on|||||\u00bb header_4_text_color=\u00bb#000000&#8243; header_4_font_size=\u00bb24px\u00bb header_4_letter_spacing=\u00bb1px\u00bb header_4_line_height=\u00bb1.5em\u00bb custom_margin=\u00bb||0px||false|false\u00bb header_4_font_size_tablet=\u00bb18px\u00bb header_4_font_size_phone=\u00bb16px\u00bb header_4_font_size_last_edited=\u00bbon|phone\u00bb locked=\u00bboff\u00bb global_colors_info=\u00bb{}\u00bb]<\/p>\n<h4>NUestro objetivo<\/h4>\n<p>[\/et_pb_text][et_pb_image src=\u00bbhttps:\/\/cadayfuerteventura.com\/wp-content\/uploads\/2024\/05\/6f8d53d7-1897-4599-9f09-feff224f242e.jpg\u00bb title_text=\u00bb6f8d53d7-1897-4599-9f09-feff224f242e\u00bb _builder_version=\u00bb4.24.2&#8243; _module_preset=\u00bbdefault\u00bb hover_enabled=\u00bb0&#8243; global_colors_info=\u00bb{}\u00bb sticky_enabled=\u00bb0&#8243;][\/et_pb_image][et_pb_text _builder_version=\u00bb4.16&#8243; _module_preset=\u00bbbc6cae60-9fd0-48b3-a032-f2876734c2dd\u00bb text_font=\u00bb||||||||\u00bb text_font_size=\u00bb18px\u00bb text_line_height=\u00bb1.8em\u00bb text_font_size_tablet=\u00bb16px\u00bb text_font_size_phone=\u00bb14px\u00bb text_font_size_last_edited=\u00bbon|phone\u00bb locked=\u00bboff\u00bb global_colors_info=\u00bb{}\u00bb]<\/p>\n<p><span style=\"font-weight: 400; color: #000000;\">Debido al auge del futbol femenino a nivel nacional y viendo la necesidad de tener m\u00e1s equipos en la isla de Fuerteventura, se crea este proyecto ambicioso, con objetivo promocionar el deporte femenino y poner en lo m\u00e1s alto, que se pueda, al futbol femenino de nuestra isla.<\/span><\/p>\n<p>[\/et_pb_text][\/et_pb_column][\/et_pb_row][\/et_pb_section][et_pb_section fb_built=\u00bb1&#8243; admin_label=\u00bbFAQ\u00bb _builder_version=\u00bb4.16&#8243; _module_preset=\u00bbdefault\u00bb locked=\u00bboff\u00bb global_colors_info=\u00bb{}\u00bb][et_pb_row column_structure=\u00bb1_2,1_2&#8243; _builder_version=\u00bb4.16&#8243; _module_preset=\u00bbdefault\u00bb global_colors_info=\u00bb{}\u00bb][et_pb_column type=\u00bb1_2&#8243; _builder_version=\u00bb4.16&#8243; _module_preset=\u00bbdefault\u00bb global_colors_info=\u00bb{}\u00bb][et_pb_image src=\u00bbhttps:\/\/cadayfuerteventura.com\/wp-content\/uploads\/2024\/03\/softball-league_31.png\u00bb title_text=\u00bbsoftball-league_31&#8243; _builder_version=\u00bb4.16&#8243; _module_preset=\u00bbdefault\u00bb locked=\u00bboff\u00bb global_colors_info=\u00bb{}\u00bb][\/et_pb_image][et_pb_text _builder_version=\u00bb4.16&#8243; _module_preset=\u00bb0c6bc8be-1265-496d-a8dc-bc5e9a9a9edf\u00bb header_font=\u00bb||||||||\u00bb header_3_font=\u00bbOswald|||on|||||\u00bb header_3_text_color=\u00bb#0a0a0a\u00bb header_3_font_size=\u00bb30px\u00bb header_3_letter_spacing=\u00bb1.5px\u00bb header_3_line_height=\u00bb1.4em\u00bb header_3_font_size_tablet=\u00bb20px\u00bb header_3_font_size_phone=\u00bb16px\u00bb header_3_font_size_last_edited=\u00bbon|phone\u00bb global_colors_info=\u00bb{}\u00bb]<\/p>\n<h3><span>Cada partido es una opurtunidad para brillar.<\/span><\/h3>\n<p>[\/et_pb_text][\/et_pb_column][et_pb_column type=\u00bb1_2&#8243; _builder_version=\u00bb4.16&#8243; _module_preset=\u00bbdefault\u00bb global_colors_info=\u00bb{}\u00bb][et_pb_image src=\u00bbhttps:\/\/cadayfuerteventura.com\/wp-content\/uploads\/2024\/03\/46542362-9152-4f47-ab6b-f58656b5d409-jpg.webp\u00bb title_text=\u00bb46542362-9152-4f47-ab6b-f58656b5d409&#8243; _builder_version=\u00bb4.16&#8243; _module_preset=\u00bbdefault\u00bb global_colors_info=\u00bb{}\u00bb][\/et_pb_image][\/et_pb_column][\/et_pb_row][\/et_pb_section][et_pb_section fb_built=\u00bb1&#8243; admin_label=\u00bbTestimonial\u00bb _builder_version=\u00bb4.16&#8243; _module_preset=\u00bbdefault\u00bb background_color=\u00bb#f9f7f8&#8243; global_colors_info=\u00bb{}\u00bb][et_pb_row column_structure=\u00bb2_5,3_5&#8243; _builder_version=\u00bb4.16&#8243; _module_preset=\u00bbdefault\u00bb global_colors_info=\u00bb{}\u00bb][et_pb_column type=\u00bb2_5&#8243; _builder_version=\u00bb4.16&#8243; _module_preset=\u00bbdefault\u00bb global_colors_info=\u00bb{}\u00bb][et_pb_image src=\u00bbhttps:\/\/cadayfuerteventura.com\/wp-content\/uploads\/2024\/03\/classic-soccer-ball-or-football-png-1.webp\u00bb title_text=\u00bbclassic-soccer-ball-or-football-png\u00bb align_tablet=\u00bbleft\u00bb align_phone=\u00bb\u00bb align_last_edited=\u00bbon|phone\u00bb _builder_version=\u00bb4.16&#8243; _module_preset=\u00bbdefault\u00bb position_origin_a_last_edited=\u00bboff|desktop\u00bb position_origin_f_last_edited=\u00bboff|desktop\u00bb position_origin_r_last_edited=\u00bboff|desktop\u00bb custom_margin=\u00bb-32%|||-16%|false|false\u00bb custom_margin_tablet=\u00bb0%|||0%|false|false\u00bb custom_margin_phone=\u00bb\u00bb custom_margin_last_edited=\u00bbon|phone\u00bb positioning_tablet=\u00bbnone\u00bb positioning_last_edited=\u00bboff|desktop\u00bb global_colors_info=\u00bb{}\u00bb][\/et_pb_image][\/et_pb_column][et_pb_column type=\u00bb3_5&#8243; _builder_version=\u00bb4.16&#8243; _module_preset=\u00bbdefault\u00bb global_colors_info=\u00bb{}\u00bb][et_pb_image src=\u00bbhttps:\/\/cadayfuerteventura.com\/wp-content\/uploads\/2024\/03\/softball-league_31.png\u00bb title_text=\u00bbsoftball-league_31&#8243; _builder_version=\u00bb4.16&#8243; _module_preset=\u00bbdefault\u00bb locked=\u00bboff\u00bb global_colors_info=\u00bb{}\u00bb][\/et_pb_image][et_pb_text _builder_version=\u00bb4.16&#8243; _module_preset=\u00bb0c6bc8be-1265-496d-a8dc-bc5e9a9a9edf\u00bb header_font=\u00bb||||||||\u00bb header_3_font=\u00bbOswald|||on|||||\u00bb header_3_text_color=\u00bb#0a0a0a\u00bb header_3_font_size=\u00bb30px\u00bb header_3_letter_spacing=\u00bb1.5px\u00bb header_3_line_height=\u00bb1.4em\u00bb header_3_font_size_tablet=\u00bb20px\u00bb header_3_font_size_phone=\u00bb16px\u00bb header_3_font_size_last_edited=\u00bbon|phone\u00bb global_colors_info=\u00bb{}\u00bb]<\/p>\n<h3><span>Nada que valga la pena es f\u00e1cil. S\u00f3lo int\u00e9ntalo, vas a llegar.<\/span><\/h3>\n<p>[\/et_pb_text][\/et_pb_column][\/et_pb_row][\/et_pb_section][et_pb_section fb_built=\u00bb1&#8243; custom_padding_last_edited=\u00bboff|desktop\u00bb admin_label=\u00bbFooter\u00bb _builder_version=\u00bb4.24.2&#8243; _module_preset=\u00bbdefault\u00bb background_color=\u00bbRGBA(255,255,255,0)\u00bb background_enable_image=\u00bboff\u00bb background_size=\u00bbinitial\u00bb background_repeat=\u00bbrepeat\u00bb min_height=\u00bb135px\u00bb custom_padding_tablet=\u00bb0px||||false|false\u00bb saved_tabs=\u00bball\u00bb global_colors_info=\u00bb{}\u00bb][et_pb_row column_structure=\u00bb1_3,1_3,1_3&#8243; _builder_version=\u00bb4.16&#8243; _module_preset=\u00bbdefault\u00bb global_colors_info=\u00bb{}\u00bb][et_pb_column type=\u00bb1_3&#8243; _builder_version=\u00bb4.16&#8243; _module_preset=\u00bbdefault\u00bb global_colors_info=\u00bb{}\u00bb][\/et_pb_column][et_pb_column type=\u00bb1_3&#8243; _builder_version=\u00bb4.16&#8243; _module_preset=\u00bbdefault\u00bb global_colors_info=\u00bb{}\u00bb][et_pb_text _builder_version=\u00bb4.16&#8243; _module_preset=\u00bb38128ce4-78a8-4c45-b3ff-f4fb37f074f0&#8243; header_font=\u00bb||||||||\u00bb header_4_font=\u00bbOswald|||on|||||\u00bb header_4_text_color=\u00bb#000000&#8243; header_4_font_size=\u00bb24px\u00bb header_4_letter_spacing=\u00bb1px\u00bb header_4_line_height=\u00bb1.5em\u00bb text_orientation=\u00bbcenter\u00bb custom_margin=\u00bb||0px||false|false\u00bb header_4_font_size_tablet=\u00bb18px\u00bb header_4_font_size_phone=\u00bb16px\u00bb header_4_font_size_last_edited=\u00bbon|phone\u00bb locked=\u00bboff\u00bb global_colors_info=\u00bb{}\u00bb]<\/p>\n<h4>Siguenos en<\/h4>\n<p>[\/et_pb_text][et_pb_social_media_follow icon_color=\u00bb#000000&#8243; use_icon_font_size=\u00bbon\u00bb icon_font_size=\u00bb25px\u00bb icon_font_size_tablet=\u00bb18px\u00bb icon_font_size_phone=\u00bb14px\u00bb icon_font_size_last_edited=\u00bbon|phone\u00bb _builder_version=\u00bb4.24.2&#8243; _module_preset=\u00bbdefault\u00bb background_color=\u00bbRGBA(255,255,255,0)\u00bb text_orientation=\u00bbcenter\u00bb hover_enabled=\u00bb0&#8243; global_colors_info=\u00bb{}\u00bb sticky_enabled=\u00bb0&#8243;][et_pb_social_media_follow_network social_network=\u00bbinstagram\u00bb _builder_version=\u00bb4.24.2&#8243; _module_preset=\u00bbdefault\u00bb background_color=\u00bb#ea2c59&#8243; hover_enabled=\u00bb0&#8243; global_colors_info=\u00bb{}\u00bb follow_button=\u00bboff\u00bb url_new_window=\u00bbon\u00bb sticky_enabled=\u00bb0&#8243; url=\u00bbhttps:\/\/www.instagram.com\/cadayfuerteventura\/\u00bb]instagram[\/et_pb_social_media_follow_network][et_pb_social_media_follow_network social_network=\u00bbfacebook\u00bb background_color=\u00bb#3b5998&#8243; _builder_version=\u00bb4.24.2&#8243; _module_preset=\u00bbdefault\u00bb follow_button=\u00bboff\u00bb url_new_window=\u00bbon\u00bb url=\u00bbhttps:\/\/www.facebook.com\/profile.php?id=100084115990663&#8243; hover_enabled=\u00bb0&#8243; sticky_enabled=\u00bb0&#8243;]facebook[\/et_pb_social_media_follow_network][et_pb_social_media_follow_network social_network=\u00bbyoutube\u00bb background_color=\u00bb#a82400&#8243; _builder_version=\u00bb4.24.2&#8243; _module_preset=\u00bbdefault\u00bb follow_button=\u00bboff\u00bb url_new_window=\u00bbon\u00bb url=\u00bbhttps:\/\/www.youtube.com\/@C.D.CADAYFUERTEVENTURA\u00bb hover_enabled=\u00bb0&#8243; sticky_enabled=\u00bb0&#8243;]youtube[\/et_pb_social_media_follow_network][\/et_pb_social_media_follow][\/et_pb_column][et_pb_column type=\u00bb1_3&#8243; _builder_version=\u00bb4.16&#8243; _module_preset=\u00bbdefault\u00bb global_colors_info=\u00bb{}\u00bb][\/et_pb_column][\/et_pb_row][\/et_pb_section]<\/p>\n","protected":false},"excerpt":{"rendered":"<p>\u00bfQui\u00e9nes somos?NUestra historiaEl Club deportivo Caday Fuerteventura es un equipo de reciente creaci\u00f3n, concretamente est\u00e1 inscrito en la Direcci\u00f3n General de Deportes el d\u00eda 07 de enero del 2022, compuesta su junta directiva por presidente, vicepresidente, secretario y TesoreroNUestro objetivoDebido al auge del futbol femenino a nivel nacional y viendo la necesidad de tener m\u00e1s [&hellip;]<\/p>\n","protected":false},"author":3,"featured_media":0,"parent":0,"menu_order":0,"comment_status":"closed","ping_status":"closed","template":"","meta":{"_et_pb_use_builder":"on","_et_pb_old_content":"","_et_gb_content_width":"","footnotes":""},"wf_page_folders":[],"class_list":["post-117","page","type-page","status-publish","hentry"],"yoast_head":"<!-- This site is optimized with the Yoast SEO plugin v27.4 - https:\/\/yoast.com\/product\/yoast-seo-wordpress\/ -->\n<title>Quienes somos - Caday Fuerteventura<\/title>\n<meta name=\"robots\" content=\"index, follow, max-snippet:-1, max-image-preview:large, max-video-preview:-1\" \/>\n<link rel=\"canonical\" href=\"https:\/\/cadayfuerteventura.com\/index.php\/quienes-somos\/\" \/>\n<meta property=\"og:locale\" content=\"es_ES\" \/>\n<meta property=\"og:type\" content=\"article\" \/>\n<meta property=\"og:title\" content=\"Quienes somos - Caday Fuerteventura\" \/>\n<meta property=\"og:description\" content=\"\u00bfQui\u00e9nes somos?NUestra historiaEl Club deportivo Caday Fuerteventura es un equipo de reciente creaci\u00f3n, concretamente est\u00e1 inscrito en la Direcci\u00f3n General de Deportes el d\u00eda 07 de enero del 2022, compuesta su junta directiva por presidente, vicepresidente, secretario y TesoreroNUestro objetivoDebido al auge del futbol femenino a nivel nacional y viendo la necesidad de tener m\u00e1s [&hellip;]\" \/>\n<meta property=\"og:url\" content=\"https:\/\/cadayfuerteventura.com\/index.php\/quienes-somos\/\" \/>\n<meta property=\"og:site_name\" content=\"Caday Fuerteventura\" \/>\n<meta property=\"article:modified_time\" content=\"2024-06-30T20:33:12+00:00\" \/>\n<meta name=\"twitter:card\" content=\"summary_large_image\" \/>\n<script type=\"application\/ld+json\" class=\"yoast-schema-graph\">{\"@context\":\"https:\\\/\\\/schema.org\",\"@graph\":[{\"@type\":\"WebPage\",\"@id\":\"https:\\\/\\\/cadayfuerteventura.com\\\/index.php\\\/quienes-somos\\\/\",\"url\":\"https:\\\/\\\/cadayfuerteventura.com\\\/index.php\\\/quienes-somos\\\/\",\"name\":\"Quienes somos - Caday Fuerteventura\",\"isPartOf\":{\"@id\":\"https:\\\/\\\/cadayfuerteventura.com\\\/#website\"},\"datePublished\":\"2024-03-20T09:47:47+00:00\",\"dateModified\":\"2024-06-30T20:33:12+00:00\",\"breadcrumb\":{\"@id\":\"https:\\\/\\\/cadayfuerteventura.com\\\/index.php\\\/quienes-somos\\\/#breadcrumb\"},\"inLanguage\":\"es\",\"potentialAction\":[{\"@type\":\"ReadAction\",\"target\":[\"https:\\\/\\\/cadayfuerteventura.com\\\/index.php\\\/quienes-somos\\\/\"]}]},{\"@type\":\"BreadcrumbList\",\"@id\":\"https:\\\/\\\/cadayfuerteventura.com\\\/index.php\\\/quienes-somos\\\/#breadcrumb\",\"itemListElement\":[{\"@type\":\"ListItem\",\"position\":1,\"name\":\"Portada\",\"item\":\"https:\\\/\\\/cadayfuerteventura.com\\\/\"},{\"@type\":\"ListItem\",\"position\":2,\"name\":\"Quienes somos\"}]},{\"@type\":\"WebSite\",\"@id\":\"https:\\\/\\\/cadayfuerteventura.com\\\/#website\",\"url\":\"https:\\\/\\\/cadayfuerteventura.com\\\/\",\"name\":\"Caday Fuerteventura\",\"description\":\"\",\"potentialAction\":[{\"@type\":\"SearchAction\",\"target\":{\"@type\":\"EntryPoint\",\"urlTemplate\":\"https:\\\/\\\/cadayfuerteventura.com\\\/?s={search_term_string}\"},\"query-input\":{\"@type\":\"PropertyValueSpecification\",\"valueRequired\":true,\"valueName\":\"search_term_string\"}}],\"inLanguage\":\"es\"}]}<\/script>\n<!-- \/ Yoast SEO plugin. -->","yoast_head_json":{"title":"Quienes somos - Caday Fuerteventura","robots":{"index":"index","follow":"follow","max-snippet":"max-snippet:-1","max-image-preview":"max-image-preview:large","max-video-preview":"max-video-preview:-1"},"canonical":"https:\/\/cadayfuerteventura.com\/index.php\/quienes-somos\/","og_locale":"es_ES","og_type":"article","og_title":"Quienes somos - Caday Fuerteventura","og_description":"\u00bfQui\u00e9nes somos?NUestra historiaEl Club deportivo Caday Fuerteventura es un equipo de reciente creaci\u00f3n, concretamente est\u00e1 inscrito en la Direcci\u00f3n General de Deportes el d\u00eda 07 de enero del 2022, compuesta su junta directiva por presidente, vicepresidente, secretario y TesoreroNUestro objetivoDebido al auge del futbol femenino a nivel nacional y viendo la necesidad de tener m\u00e1s [&hellip;]","og_url":"https:\/\/cadayfuerteventura.com\/index.php\/quienes-somos\/","og_site_name":"Caday Fuerteventura","article_modified_time":"2024-06-30T20:33:12+00:00","twitter_card":"summary_large_image","schema":{"@context":"https:\/\/schema.org","@graph":[{"@type":"WebPage","@id":"https:\/\/cadayfuerteventura.com\/index.php\/quienes-somos\/","url":"https:\/\/cadayfuerteventura.com\/index.php\/quienes-somos\/","name":"Quienes somos - Caday Fuerteventura","isPartOf":{"@id":"https:\/\/cadayfuerteventura.com\/#website"},"datePublished":"2024-03-20T09:47:47+00:00","dateModified":"2024-06-30T20:33:12+00:00","breadcrumb":{"@id":"https:\/\/cadayfuerteventura.com\/index.php\/quienes-somos\/#breadcrumb"},"inLanguage":"es","potentialAction":[{"@type":"ReadAction","target":["https:\/\/cadayfuerteventura.com\/index.php\/quienes-somos\/"]}]},{"@type":"BreadcrumbList","@id":"https:\/\/cadayfuerteventura.com\/index.php\/quienes-somos\/#breadcrumb","itemListElement":[{"@type":"ListItem","position":1,"name":"Portada","item":"https:\/\/cadayfuerteventura.com\/"},{"@type":"ListItem","position":2,"name":"Quienes somos"}]},{"@type":"WebSite","@id":"https:\/\/cadayfuerteventura.com\/#website","url":"https:\/\/cadayfuerteventura.com\/","name":"Caday Fuerteventura","description":"","potentialAction":[{"@type":"SearchAction","target":{"@type":"EntryPoint","urlTemplate":"https:\/\/cadayfuerteventura.com\/?s={search_term_string}"},"query-input":{"@type":"PropertyValueSpecification","valueRequired":true,"valueName":"search_term_string"}}],"inLanguage":"es"}]}},"_links":{"self":[{"href":"https:\/\/cadayfuerteventura.com\/index.php\/wp-json\/wp\/v2\/pages\/117","targetHints":{"allow":["GET"]}}],"collection":[{"href":"https:\/\/cadayfuerteventura.com\/index.php\/wp-json\/wp\/v2\/pages"}],"about":[{"href":"https:\/\/cadayfuerteventura.com\/index.php\/wp-json\/wp\/v2\/types\/page"}],"author":[{"embeddable":true,"href":"https:\/\/cadayfuerteventura.com\/index.php\/wp-json\/wp\/v2\/users\/3"}],"replies":[{"embeddable":true,"href":"https:\/\/cadayfuerteventura.com\/index.php\/wp-json\/wp\/v2\/comments?post=117"}],"version-history":[{"count":11,"href":"https:\/\/cadayfuerteventura.com\/index.php\/wp-json\/wp\/v2\/pages\/117\/revisions"}],"predecessor-version":[{"id":527,"href":"https:\/\/cadayfuerteventura.com\/index.php\/wp-json\/wp\/v2\/pages\/117\/revisions\/527"}],"wp:attachment":[{"href":"https:\/\/cadayfuerteventura.com\/index.php\/wp-json\/wp\/v2\/media?parent=117"}],"wp:term":[{"taxonomy":"wf_page_folders","embeddable":true,"href":"https:\/\/cadayfuerteventura.com\/index.php\/wp-json\/wp\/v2\/wf_page_folders?post=117"}],"curies":[{"name":"wp","href":"https:\/\/api.w.org\/{rel}","templated":true}]}}